{"id":34,"date":"2025-02-07T19:09:44","date_gmt":"2025-02-07T18:09:44","guid":{"rendered":"https:\/\/infoinnova.co\/?page_id=34"},"modified":"2025-03-12T19:37:02","modified_gmt":"2025-03-12T18:37:02","slug":"servicios","status":"publish","type":"page","link":"https:\/\/infoinnova.co\/?page_id=34","title":{"rendered":"Servicios y productos"},"content":{"rendered":"<p>Nuestra organizaci\u00f3n te mostrar\u00e1 la manera de incluir a todo tipo de poblaci\u00f3n al momento de vender un producto o prestar un servicio.<\/p>\n<h2>Estructuraci\u00f3n de documentos<\/h2>\n<p>Textos universitarios, novelas, cat\u00e1logos, revistas y otros, ser\u00e1n accesibles en formatos, PDF, Word, Epub. Buscamos mejorar las descripciones de im\u00e1genes, textos alternativos, tablas accesibles, y otros, facilitando la lectura e interpretaci\u00f3n de quien lo lea, personas con baja visi\u00f3n, ciegas o adultos mayores, cumpliendo con la normatividad internacional. <\/p>\n<h2>Documentos accesibles<\/h2>\n<p>Si tienes una informaci\u00f3n en formato f\u00edsico o digital, y quieres que sea le\u00edda e interpretada de manera correcta por personas ciegas y sordas; nosotros te ayudamos. Te ofrecemos el servicio de impresi\u00f3n de textos en sistema braille, conversi\u00f3n de texto en audio con voz sintetizada, y v\u00eddeos en lengua de se\u00f1as.<\/p>\n<h2>Validaci\u00f3n de Accesibilidad Web<\/h2>\n<p>Realizamos la consultor\u00eda de tu sitio web para identificar qu\u00e9 tan accesible es a todo tipo de poblaci\u00f3n, seg\u00fan la norma vigente a nivel internacional. <\/p>\n<p>Te damos las pautas para convertir tu p\u00e1gina web en un lugar navegable por todo tipo de poblaci\u00f3n, con y sin discapacidad.<\/p>\n<p>Cuando los sitios web est\u00e1n dise\u00f1ados pensando en la accesibilidad, todos pueden acceder en condiciones de igualdad y de esta manera t\u00fa y tu compa\u00f1\u00eda podr\u00e1n llegar a mucha m\u00e1s poblaci\u00f3n.<\/p>\n<h2>Capacitaci\u00f3n en TICS e interpretaci\u00f3n en lengua de se\u00f1as para la inclusi\u00f3n<\/h2>\n<p>Si eres docente, estudiante, director de instituci\u00f3n, entre otras, o simplemente te gustan las TICS, esto te interesa:<br \/>\nCon nuestras capacitaciones en el manejo de las TICS que utilizan las personas con discapacidad, y con nuestras personas sordas e int\u00e9rpretes en lengua de se\u00f1as, vas a poder incluir perfectamente a esta poblaci\u00f3n en un aula regular de clase, o vas a poder comunicarte con ellos de manera correcta e incluyente, adem\u00e1s, nunca est\u00e1 de m\u00e1s tener conocimientos en estas \u00e1reas.<\/p>\n<p>Brindamos las mejores capacitaciones en TICS para personas con discapacidad visual, auditiva y cognitiva. No dejes de contactarnos.<\/p>\n<h2>Mantenimiento preventivo y correctivo de equipos de c\u00f3mputo<\/h2>\n<p>Los equipos de c\u00f3mputo y dispositivos de tu compa\u00f1\u00eda o los personales, en la actualidad son indispensables para una buena labor, te ofrecemos el mantenimiento en hardware y software de los mismos para que todo funcione a la perfecci\u00f3n.<\/p>\n<h2>Difusi\u00f3n de tus ideas<\/h2>\n<p>A trav\u00e9s de la radio te ofrecemos un medio din\u00e1mico, creativo e innovador, para difundir tus ideas, productos o servicios; por ejemplo en <a href=\"https:\/\/planetaradio.co\">www.planetaradio.co,<\/a> ofrecemos la grabaci\u00f3n, edici\u00f3n y producci\u00f3n de audio.<br \/>\nUno de los medios m\u00e1s importantes para que conozcan tu empresa, es la radio, y nosotros te ofrecemos el servicio de podcasts, cu\u00f1as para radio, en las que tendr\u00e1s excelentes voces, los mejores efectos para que quien las escuche, se interese de inmediato en conocer tu establecimiento.<\/p>\n<h2>Juegos Adaptados<\/h2>\n<p>Buscamos que la poblaci\u00f3n con discapacidad, est\u00e9 a gusto con juegos de mesa y otros, para que de manera accesible se sienta incluido, con variedad de texturas, tama\u00f1os, colores, materiales, y dise\u00f1os, para que en esos momentos recreativos, culturales y educativos, no halla excusa para compartir esos espacios de integraci\u00f3n.<\/p>\n","protected":false},"excerpt":{"rendered":"<p>Nuestra organizaci\u00f3n te mostrar\u00e1 la manera de incluir a todo tipo de poblaci\u00f3n al momento de vender un producto o prestar un servicio. Estructuraci\u00f3n de documentos Textos universitarios, novelas, cat\u00e1logos, revistas y otros, ser\u00e1n accesibles en formatos, PDF, Word, Epub. Buscamos mejorar las descripciones de im\u00e1genes, textos alternativos, tablas accesibles, y otros, facilitando la lectura&hellip; <a class=\"more-link\" href=\"https:\/\/infoinnova.co\/?page_id=34\">Seguir leyendo <span class=\"screen-reader-text\">Servicios y productos<\/span><\/a><\/p>\n","protected":false},"author":1,"featured_media":0,"parent":0,"menu_order":0,"comment_status":"closed","ping_status":"closed","template":"","meta":{"footnotes":""},"class_list":["post-34","page","type-page","status-publish","hentry","entry"],"_links":{"self":[{"href":"https:\/\/infoinnova.co\/index.php?rest_route=\/wp\/v2\/pages\/34","targetHints":{"allow":["GET"]}}],"collection":[{"href":"https:\/\/infoinnova.co\/index.php?rest_route=\/wp\/v2\/pages"}],"about":[{"href":"https:\/\/infoinnova.co\/index.php?rest_route=\/wp\/v2\/types\/page"}],"author":[{"embeddable":true,"href":"https:\/\/infoinnova.co\/index.php?rest_route=\/wp\/v2\/users\/1"}],"replies":[{"embeddable":true,"href":"https:\/\/infoinnova.co\/index.php?rest_route=%2Fwp%2Fv2%2Fcomments&post=34"}],"version-history":[{"count":3,"href":"https:\/\/infoinnova.co\/index.php?rest_route=\/wp\/v2\/pages\/34\/revisions"}],"predecessor-version":[{"id":49,"href":"https:\/\/infoinnova.co\/index.php?rest_route=\/wp\/v2\/pages\/34\/revisions\/49"}],"wp:attachment":[{"href":"https:\/\/infoinnova.co\/index.php?rest_route=%2Fwp%2Fv2%2Fmedia&parent=34"}],"curies":[{"name":"wp","href":"https:\/\/api.w.org\/{rel}","templated":true}]}}